{"id":1352,"date":"2018-01-16T14:03:55","date_gmt":"2018-01-16T13:03:55","guid":{"rendered":"http:\/\/beta.pantaracingfuel.dk\/?page_id=1352"},"modified":"2025-01-22T23:41:58","modified_gmt":"2025-01-22T22:41:58","slug":"beregning-af-oktantal-blanding-af-braendstoffer","status":"publish","type":"page","link":"https:\/\/pantaracingfuel.dk\/en\/beregning-af-oktantal-blanding-af-braendstoffer\/","title":{"rendered":"BEREGNING AF OKTANTAL &#038; BLANDING AF BR\u00c6NDSTOFFER"},"content":{"rendered":"<div data-vc-full-width=\"true\" data-vc-full-width-init=\"false\" data-vc-stretch-content=\"true\" class=\"vc_row wpb_row vc_row-fluid vc_custom_1515830229300 vc_row-has-fill vc_row-no-padding vc_row-o-content-bottom vc_row-flex\"><div class=\"wpb_column vc_column_container vc_col-sm-12 vc_col-has-fill\"><div class=\"vc_column-inner vc_custom_1515669831833\"><div class=\"wpb_wrapper\"><div class=\"vc_empty_space\"   style=\"height: 80px\"><span class=\"vc_empty_space_inner\"><\/span><\/div>\n\t<div  class=\"wpb_single_image wpb_content_element vc_align_left  vc_custom_1515670039420\">\n\t\t\n\t\t<figure class=\"wpb_wrapper vc_figure\">\n\t\t\t<div class=\"vc_single_image-wrapper   vc_box_border_grey\"><img loading=\"lazy\" decoding=\"async\" width=\"283\" height=\"30\" src=\"https:\/\/pantaracingfuel.dk\/wp-content\/uploads\/2016\/06\/wonderfuel.png\" class=\"vc_single_image-img attachment-full\" alt=\"\"  data-dt-location=\"https:\/\/pantaracingfuel.dk\/en\/wonderfuel\/\" \/><\/div>\n\t\t<\/figure>\n\t<\/div>\n<div class=\"vc_empty_space\"   style=\"height: 10px\"><span class=\"vc_empty_space_inner\"><\/span><\/div><\/div><\/div><\/div><\/div><div class=\"vc_row-full-width vc_clearfix\"><\/div><div class=\"vc_row wpb_row vc_row-fluid\"><div class=\"wpb_column vc_column_container vc_col-sm-12\"><div class=\"vc_column-inner\"><div class=\"wpb_wrapper\"><div class=\"vc_empty_space\"   style=\"height: 50px\"><span class=\"vc_empty_space_inner\"><\/span><\/div><\/div><\/div><\/div><\/div><div class=\"vc_row wpb_row vc_row-fluid\"><div class=\"wpb_column vc_column_container vc_col-sm-12\"><div class=\"vc_column-inner\"><div class=\"wpb_wrapper\"><div id=\"ultimate-heading-997269f4d3b4b2385\" class=\"uvc-heading ult-adjust-bottom-margin ultimate-heading-997269f4d3b4b2385 uvc-8951\" data-hspacer=\"line_with_icon\" data-hline_width=\"180\" data-hicon_type=\"selector\" data-hborder_style=\"solid\" data-hborder_height=\"2\" data-hborder_color=\"#013f7d\" data-icon_width=\"64\" data-hfixer=\"20\"  data-halign=\"center\" style=\"text-align:center\"><div class=\"uvc-main-heading ult-responsive\"  data-ultimate-target='.uvc-heading.ultimate-heading-997269f4d3b4b2385 h1'  data-responsive-json-new='{\"font-size\":\"desktop:52px;mobile:28px;\",\"line-height\":\"desktop:44px;mobile:38px;\"}' ><h1 style=\"font-weight:bold;color:#013f7d;margin-bottom:5px;\">BEREGNING AF OKTANTAL &amp; BLANDING AF BR\u00c6NDSTOFFER<\/h1><\/div><div class=\"uvc-heading-spacer line_with_icon\" style=\"margin-bottom:70px;height:64px;\"><div class=\"ult-just-icon-wrapper\"><div class=\"align-icon\" style=\"text-align:center;\">\n<div class=\"aio-icon none\"  style=\"color:#013f7d;font-size:64px;display:inline-block;\">\n\t<i class=\"Defaults-fire\"><\/i>\n<\/div><\/div><\/div><\/div><\/div><\/div><\/div><\/div><\/div><div class=\"vc_row wpb_row vc_row-fluid\"><div class=\"wpb_column vc_column_container vc_col-sm-6\"><div class=\"vc_column-inner\"><div class=\"wpb_wrapper\"><div id=\"ultimate-heading-349669f4d3b4b26e3\" class=\"uvc-heading ult-adjust-bottom-margin ultimate-heading-349669f4d3b4b26e3 uvc-1903\" data-hspacer=\"no_spacer\"  data-halign=\"center\" style=\"text-align:center\"><div class=\"uvc-heading-spacer no_spacer\" style=\"top\"><\/div><div class=\"uvc-main-heading ult-responsive\"  data-ultimate-target='.uvc-heading.ultimate-heading-349669f4d3b4b26e3 h2'  data-responsive-json-new='{\"font-size\":\"desktop:32px;mobile:28px;\",\"line-height\":\"desktop:44px;mobile:38px;\"}' ><h2 style=\"font-weight:bold;color:#013f7d;margin-bottom:5px;\">Kan man blande forskellige typer af br\u00e6ndstof?<\/h2><\/div><\/div><div class=\"vc_empty_space\"   style=\"height: 20px\"><span class=\"vc_empty_space_inner\"><\/span><\/div>\n\t<div class=\"wpb_text_column wpb_content_element\" >\n\t\t<div class=\"wpb_wrapper\">\n\t\t\t<p>Svaret her til er relativt simpelt, idet det naturligvis er muligt at blande forskellige typer at Racing Fuel. Dog er det vigtigt at huske, n\u00e5r din motor benytter en blyfri benzin, b\u00f8r du IKKE blande en blyfri benzin med en blyholdig benzin, da det vil skade bilens katalysator og lambdasonder m.m.<\/p>\n<p>Vi vil dog ikke anbefale blanding af forskellige fabrikater af Racing Fuel eller standerbenzin da disse i mange tilf\u00e6lde indeholder ethanol s\u00e5vel som methanol og dermed kan skade kvaliteten p\u00e5 produkter fra bla. Panta Racing Fuel<\/p>\n\n\t\t<\/div>\n\t<\/div>\n<\/div><\/div><\/div><div class=\"wpb_column vc_column_container vc_col-sm-6\"><div class=\"vc_column-inner\"><div class=\"wpb_wrapper\"><div id=\"ultimate-heading-9869f4d3b4b29f9\" class=\"uvc-heading ult-adjust-bottom-margin ultimate-heading-9869f4d3b4b29f9 uvc-8664\" data-hspacer=\"no_spacer\"  data-halign=\"center\" style=\"text-align:center\"><div class=\"uvc-heading-spacer no_spacer\" style=\"top\"><\/div><div class=\"uvc-main-heading ult-responsive\"  data-ultimate-target='.uvc-heading.ultimate-heading-9869f4d3b4b29f9 h2'  data-responsive-json-new='{\"font-size\":\"desktop:32px;mobile:28px;\",\"line-height\":\"desktop:44px;mobile:38px;\"}' ><h2 style=\"font-weight:bold;color:#013f7d;margin-bottom:5px;\">Hvad er oktantallet ved blanding af 2 typer benzin?<\/h2><\/div><\/div><div class=\"vc_empty_space\"   style=\"height: 20px\"><span class=\"vc_empty_space_inner\"><\/span><\/div>\n\t<div class=\"wpb_text_column wpb_content_element\" >\n\t\t<div class=\"wpb_wrapper\">\n\t\t\t<p>Svaret hertil kr\u00e6ver nogle beregninger. Som det f\u00f8rste skal man beregne den procentdel af hver af de \u00f8nskede br\u00e6ndstoffer i den f\u00e6rdige blanding og efterf\u00f8lgende benytte nedenst\u00e5ende formel til beregning af det endelige oktantal.<\/p>\n\n\t\t<\/div>\n\t<\/div>\n<\/div><\/div><\/div><\/div><div class=\"vc_row wpb_row vc_row-fluid\"><div class=\"wpb_column vc_column_container vc_col-sm-12\"><div class=\"vc_column-inner\"><div class=\"wpb_wrapper\"><div class=\"vc_empty_space\"   style=\"height: 50px\"><span class=\"vc_empty_space_inner\"><\/span><\/div><\/div><\/div><\/div><\/div><div class=\"vc_row wpb_row vc_row-fluid\"><div class=\"wpb_column vc_column_container vc_col-sm-12\"><div class=\"vc_column-inner\"><div class=\"wpb_wrapper\">\n\t<div class=\"wpb_text_column wpb_content_element\" >\n\t\t<div class=\"wpb_wrapper\">\n\t\t\t<h3><strong><u>Beregning:<\/u><\/strong><\/h3>\n<p>((% benzin A) x (oktantal benzin A)) + ((% benzin B) x (oktantal benzin B)) = <u>samlet oktantal for blandingen<\/u><\/p>\n<h3><strong><u>Eksempel:<\/u><\/strong><\/h3>\n<p>Lad os tage 15 L Panta NS 102 oktan som vi blander med 10 L Panta CX 110 oktan og vi \u00f8nsker at finde det samlede oktantal for blandingen.<\/p>\n<h3><u>Eksempel: Oktantal:<\/u><\/h3>\n<ul>\n<li>Procentdelen af NS 102 2,66 % ilt i blandingen er 3\/5=0,60 (60%)<\/li>\n<li>Procentdelen af CX 110 2,70 % ilt i blandingen er 2\/5=0,40 (40%)<\/li>\n<li>(0,60 x 102) + (0,4 x 110) = 61,2 + 44,0 = <strong><u>105,2 oktan<\/u><\/strong><\/li>\n<li>S\u00e5ledes er det endelige oktantal for blandingen er 105,2 oktan<\/li>\n<\/ul>\n<h3><u>Eksempel: Oxygen%<\/u><\/h3>\n<ul>\n<li>Procentdelen af NS 102 2,66 % ilt i blandingen er 3\/5=0,60 (60%)<\/li>\n<li>Procentdelen af CX 110 2,70 % ilt i blandingen er 2\/5=0,40 (40%)<\/li>\n<li>(0,60 x 2,66) + (0,4 x 2,70) = 1,60 + 1,08 = <strong><u>2,68 % ilt<\/u><\/strong><\/li>\n<li>S\u00e5 den endelige ilt % for blandingen er 2,68 % ilt.<\/li>\n<\/ul>\n<h3><u>Eksempel: Densitet \/ Massefylde<\/u><\/h3>\n<ul>\n<li>Procentdelen af NS 102 densitet 0,755 Kg\/L i blandingen er 3\/5=0,60 (60%)<\/li>\n<li>Procentdelen af CX 110 densitet 0,764 i blandingen er 2\/5=0,40 (40%)<\/li>\n<li>(0,60 x 0,755) + (0,4 x 0,764) = 0,453 + 0,306 = <strong><u>0,759 Kg\/L<\/u><\/strong><\/li>\n<li>S\u00e5 den endelige massefylde for blandingen er 0.759 Kg\/L<\/li>\n<\/ul>\n<p>&nbsp;<\/p>\n<p style=\"text-align: left;\"><strong>Alts\u00e5 er det muligt med produkter fra Panta Racing Fuel selv at mixe sin fortrukne blanding som er \u201dcustomiced\u201d efter \u00f8nske. Alle produkter fra Panta Racing Fuel er blyfri hvorfor der intet er til hinder for at mixe disse efter behov.<\/strong><\/p>\n\n\t\t<\/div>\n\t<\/div>\n<\/div><\/div><\/div><\/div>","protected":false},"excerpt":{"rendered":"<p>BEREGNING AF OKTANTAL &amp; BLANDING AF BR\u00c6NDSTOFFER Kan man blande forskellige typer af br\u00e6ndstof? Svaret her til er relativt simpelt, idet det naturligvis er muligt at blande forskellige typer at&hellip;<\/p>","protected":false},"author":1,"featured_media":0,"parent":0,"menu_order":0,"comment_status":"closed","ping_status":"closed","template":"template-microsite.php","meta":{"footnotes":""},"class_list":["post-1352","page","type-page","status-publish","hentry","description-off"],"_links":{"self":[{"href":"https:\/\/pantaracingfuel.dk\/en\/wp-json\/wp\/v2\/pages\/1352","targetHints":{"allow":["GET"]}}],"collection":[{"href":"https:\/\/pantaracingfuel.dk\/en\/wp-json\/wp\/v2\/pages"}],"about":[{"href":"https:\/\/pantaracingfuel.dk\/en\/wp-json\/wp\/v2\/types\/page"}],"author":[{"embeddable":true,"href":"https:\/\/pantaracingfuel.dk\/en\/wp-json\/wp\/v2\/users\/1"}],"replies":[{"embeddable":true,"href":"https:\/\/pantaracingfuel.dk\/en\/wp-json\/wp\/v2\/comments?post=1352"}],"version-history":[{"count":14,"href":"https:\/\/pantaracingfuel.dk\/en\/wp-json\/wp\/v2\/pages\/1352\/revisions"}],"predecessor-version":[{"id":28394,"href":"https:\/\/pantaracingfuel.dk\/en\/wp-json\/wp\/v2\/pages\/1352\/revisions\/28394"}],"wp:attachment":[{"href":"https:\/\/pantaracingfuel.dk\/en\/wp-json\/wp\/v2\/media?parent=1352"}],"curies":[{"name":"wp","href":"https:\/\/api.w.org\/{rel}","templated":true}]}}