{"id":1361,"date":"2018-01-16T15:14:07","date_gmt":"2018-01-16T14:14:07","guid":{"rendered":"http:\/\/beta.pantaracingfuel.dk\/?page_id=1361"},"modified":"2018-01-23T14:50:26","modified_gmt":"2018-01-23T13:50:26","slug":"opbevaring-af-racing-fuel","status":"publish","type":"page","link":"https:\/\/pantaracingfuel.dk\/en\/opbevaring-af-racing-fuel\/","title":{"rendered":"OPBEVARING AF RACING FUEL"},"content":{"rendered":"<div data-vc-full-width=\"true\" data-vc-full-width-init=\"false\" data-vc-stretch-content=\"true\" class=\"vc_row wpb_row vc_row-fluid vc_custom_1515830229300 vc_row-has-fill vc_row-no-padding vc_row-o-content-bottom vc_row-flex\"><div class=\"wpb_column vc_column_container vc_col-sm-12 vc_col-has-fill\"><div class=\"vc_column-inner vc_custom_1515669831833\"><div class=\"wpb_wrapper\"><div class=\"vc_empty_space\"   style=\"height: 80px\"><span class=\"vc_empty_space_inner\"><\/span><\/div>\n\t<div  class=\"wpb_single_image wpb_content_element vc_align_left  vc_custom_1515670039420\">\n\t\t\n\t\t<figure class=\"wpb_wrapper vc_figure\">\n\t\t\t<div class=\"vc_single_image-wrapper   vc_box_border_grey\"><img loading=\"lazy\" decoding=\"async\" width=\"283\" height=\"30\" src=\"https:\/\/pantaracingfuel.dk\/wp-content\/uploads\/2016\/06\/wonderfuel.png\" class=\"vc_single_image-img attachment-full\" alt=\"\"  data-dt-location=\"https:\/\/pantaracingfuel.dk\/en\/wonderfuel\/\" \/><\/div>\n\t\t<\/figure>\n\t<\/div>\n<div class=\"vc_empty_space\"   style=\"height: 10px\"><span class=\"vc_empty_space_inner\"><\/span><\/div><\/div><\/div><\/div><\/div><div class=\"vc_row-full-width vc_clearfix\"><\/div><div class=\"vc_row wpb_row vc_row-fluid\"><div class=\"wpb_column vc_column_container vc_col-sm-12\"><div class=\"vc_column-inner\"><div class=\"wpb_wrapper\"><div class=\"vc_empty_space\"   style=\"height: 50px\"><span class=\"vc_empty_space_inner\"><\/span><\/div><\/div><\/div><\/div><\/div><div class=\"vc_row wpb_row vc_row-fluid\"><div class=\"wpb_column vc_column_container vc_col-sm-12\"><div class=\"vc_column-inner\"><div class=\"wpb_wrapper\"><div id=\"ultimate-heading-47869fa313c1da1a\" class=\"uvc-heading ult-adjust-bottom-margin ultimate-heading-47869fa313c1da1a uvc-5745\" data-hspacer=\"line_with_icon\" data-hline_width=\"180\" data-hicon_type=\"selector\" data-hborder_style=\"solid\" data-hborder_height=\"2\" data-hborder_color=\"#013f7d\" data-icon_width=\"64\" data-hfixer=\"20\"  data-halign=\"center\" style=\"text-align:center\"><div class=\"uvc-main-heading ult-responsive\"  data-ultimate-target='.uvc-heading.ultimate-heading-47869fa313c1da1a h1'  data-responsive-json-new='{\"font-size\":\"desktop:52px;mobile:28px;\",\"line-height\":\"desktop:44px;mobile:38px;\"}' ><h1 style=\"font-weight:bold;color:#013f7d;margin-bottom:5px;\">OPBEVARING AF RACING FUEL<\/h1><\/div><div class=\"uvc-heading-spacer line_with_icon\" style=\"margin-bottom:70px;height:64px;\"><div class=\"ult-just-icon-wrapper\"><div class=\"align-icon\" style=\"text-align:center;\">\n<div class=\"aio-icon none\"  style=\"color:#013f7d;font-size:64px;display:inline-block;\">\n\t<i class=\"Defaults-fire\"><\/i>\n<\/div><\/div><\/div><\/div><\/div><\/div><\/div><\/div><\/div><div class=\"vc_row wpb_row vc_row-fluid\"><div class=\"wpb_column vc_column_container vc_col-sm-12\"><div class=\"vc_column-inner\"><div class=\"wpb_wrapper\">\n\t<div class=\"wpb_text_column wpb_content_element\" >\n\t\t<div class=\"wpb_wrapper\">\n\t\t\t<h4 style=\"text-align: center;\">Som hovedregel er holdbarheden p\u00e5 Racing Fuel l\u00e6ngere end p\u00e5 standerbenzin. Men fordi Racing Fuel ofte opbevares i l\u00e6ngere perioder mellem l\u00f8b eller fra s\u00e6son til s\u00e6son.<\/h4>\n<h4 style=\"text-align: center;\">Vi nedenst\u00e5ende er beskrevet en r\u00e6kke forhold der kan medvirke til en opretholdelse af benzinens kvalitet under opbevaring.<\/h4>\n\n\t\t<\/div>\n\t<\/div>\n<\/div><\/div><\/div><\/div><div class=\"vc_row wpb_row vc_row-fluid\"><div class=\"wpb_column vc_column_container vc_col-sm-12\"><div class=\"vc_column-inner\"><div class=\"wpb_wrapper\"><div class=\"vc_empty_space\"   style=\"height: 50px\"><span class=\"vc_empty_space_inner\"><\/span><\/div><\/div><\/div><\/div><\/div><div class=\"vc_row wpb_row vc_row-fluid\"><div class=\"wpb_column vc_column_container vc_col-sm-12\"><div class=\"vc_column-inner\"><div class=\"wpb_wrapper\">\n\t<div class=\"wpb_text_column wpb_content_element\" >\n\t\t<div class=\"wpb_wrapper\">\n\t\t\t<ol style=\"text-align: center;\">\n<li style=\"text-align: left;\">Opbevar dunkene s\u00e5 t\u00e6t lukkede som muligt. Dette vil forhindre at en r\u00e6kke vigtige komponenter i benzinen ikke fordamper idet de forskellige additiver m.m. der forefindes i benzinen fordamper ved forskellige temperaturer.<\/li>\n<li style=\"text-align: left;\">S\u00f8rg for at tromler og benzintanke er fyldt s\u00e5 meget som muligt hele tiden, for p\u00e5 den m\u00e5de at mindske pladsen til atmosf\u00e6risk luft der indeholder vand, der p\u00e5 sigt kan medvirke til en forurening af br\u00e6ndstoffet. (g\u00e6lder udelukkende produkter indeholdende ethanol\/methanol)<\/li>\n<li style=\"text-align: left;\">Undg\u00e5 opbevaring af benzinen p\u00e5 steder hvor der er store temperaturudsving idet dette giver benzinen mulighed for at \u201d\u00e5nde\u201d uhensigtsm\u00e6ssigt og dermed en risiko for en forringelse af kvaliteten.<\/li>\n<li style=\"text-align: left;\">Racing Fuel b\u00f8r altid opbevares m\u00f8rkt og ikke uds\u00e6ttes for UV lys. En r\u00e6kke komponenter i Racing Fuel er lysf\u00f8lsomme og uds\u00e6ttelse for UV lys kan neds\u00e6tte oktantallet uhensigtsm\u00e6ssigt.<\/li>\n<li style=\"text-align: left;\">De fleste Racing Fuels der opbevares under optimale forhold kan holde optil 12 mdr. Panta Racing Fuel indeholder i mods\u00e6tning til mange andre konkurrerende produkter, ikke ethanol og binder derfor ikke vand som produkter med indhold af ethanol vil g\u00f8re. <em><u>(Ethanol er et alkohol som binder vand fra dets omgivelser og p\u00e5 den m\u00e5de forgifter benzinen = s\u00e6nker oktantallet med op til 3 oktan pr. 12 uger.) &#8211; <\/u><\/em>Panta Racing Fuel har derfor en holdbarhed p\u00e5 optil 24 mdr. eller mere n\u00e5r det opbevares under optimale forhold.<\/li>\n<li style=\"text-align: left;\">Vi anbefaler ALTID at undg\u00e5 tils\u00e6tning af additiver samt blanding af Panta Racing Fuel med andre fabrikater af benzin. Disse faktorer kan alle medvirke til en forringelse af produktets oprindelige kvalitet. Panta Racing Fuel tager ikke ansvar for kvaliteten jf. nedenst\u00e5ende:<\/li>\n<\/ol>\n<ul>\n<li>Produkter der er tilsat additiver<\/li>\n<li>Produkter der er blandet med andre produkter<\/li>\n<li>Produkter der ikke er opbevaret jf. forskrifterne<\/li>\n<\/ul>\n\n\t\t<\/div>\n\t<\/div>\n<\/div><\/div><\/div><\/div>","protected":false},"excerpt":{"rendered":"<p>OPBEVARING AF RACING FUEL Som hovedregel er holdbarheden p\u00e5 Racing Fuel l\u00e6ngere end p\u00e5 standerbenzin. Men fordi Racing Fuel ofte opbevares i l\u00e6ngere perioder mellem l\u00f8b eller fra s\u00e6son til&hellip;<\/p>","protected":false},"author":1,"featured_media":0,"parent":0,"menu_order":0,"comment_status":"closed","ping_status":"closed","template":"template-microsite.php","meta":{"footnotes":""},"class_list":["post-1361","page","type-page","status-publish","hentry","description-off"],"_links":{"self":[{"href":"https:\/\/pantaracingfuel.dk\/en\/wp-json\/wp\/v2\/pages\/1361","targetHints":{"allow":["GET"]}}],"collection":[{"href":"https:\/\/pantaracingfuel.dk\/en\/wp-json\/wp\/v2\/pages"}],"about":[{"href":"https:\/\/pantaracingfuel.dk\/en\/wp-json\/wp\/v2\/types\/page"}],"author":[{"embeddable":true,"href":"https:\/\/pantaracingfuel.dk\/en\/wp-json\/wp\/v2\/users\/1"}],"replies":[{"embeddable":true,"href":"https:\/\/pantaracingfuel.dk\/en\/wp-json\/wp\/v2\/comments?post=1361"}],"version-history":[{"count":18,"href":"https:\/\/pantaracingfuel.dk\/en\/wp-json\/wp\/v2\/pages\/1361\/revisions"}],"predecessor-version":[{"id":1409,"href":"https:\/\/pantaracingfuel.dk\/en\/wp-json\/wp\/v2\/pages\/1361\/revisions\/1409"}],"wp:attachment":[{"href":"https:\/\/pantaracingfuel.dk\/en\/wp-json\/wp\/v2\/media?parent=1361"}],"curies":[{"name":"wp","href":"https:\/\/api.w.org\/{rel}","templated":true}]}}